{"id":107,"date":"2026-03-04T14:06:45","date_gmt":"2026-03-04T13:06:45","guid":{"rendered":"https:\/\/kacper.previo.info.pl\/atrakcja-szablon\/"},"modified":"2026-03-06T15:27:09","modified_gmt":"2026-03-06T14:27:09","slug":"wielkanoc","status":"publish","type":"page","link":"http:\/\/dev.apartamentymariza.pl\/en\/pakiety\/wielkanoc\/","title":{"rendered":"Pakiet Wielkanocny"},"content":{"rendered":"<section class=\"u-clearfix u-image u-shading u-section-2\" id=\"sec-83d1\" data-image-width=\"1920\" data-image-height=\"1280\" style=\"background-image: linear-gradient(0deg, rgba(0, 0, 0, 0.5), rgba(0, 0, 0, 0.5)), url(&quot;http:\/\/dev.apartamentymariza.pl\/wp-content\/uploads\/2026\/03\/jacuzzi4-2.jpg&quot;);\">\n      <div class=\"u-clearfix u-sheet u-sheet-1\">\n        <h1 class=\"animacjaboulevard-text u-align-center u-custom-font u-heading-font u-text u-text-1\" data-animation-out=\"0\">WIELKANOC<\/h1>\n        <a href=\"\/en\/rezerwacja\/\" class=\"u-align-center u-border-none u-btn u-button-style u-hover-feature u-hover-palette-2-dark-1 u-text-white u-palette-1-base u-btn-1\" target=\"_blank\">Book your stay <\/a>\n      <\/div>\n      \n    <\/section>\n    <section class=\"u-clearfix u-section-3\" id=\"sec-07fa\">\n      <div class=\"u-clearfix u-sheet u-valign-middle u-sheet-1\">\n        <div class=\"data-layout-selected u-clearfix u-expanded-width u-layout-wrap u-layout-wrap-1\">\n          <div class=\"u-layout\">\n            <div class=\"u-layout-row\">\n              <div class=\"u-container-align-center-lg u-container-align-center-xl u-container-style u-layout-cell u-shape-rectangle u-size-19-lg u-size-19-xl u-size-60-md u-size-60-sm u-size-60-xs u-layout-cell-1\">\n                <div class=\"u-container-layout u-container-layout-1\">\n                  <div class=\"u-border-1 u-border-palette-1-base u-container-style u-expanded-width-md u-expanded-width-sm u-expanded-width-xs u-group u-white u-group-1\">\n                    <div class=\"u-container-layout u-container-layout-2\">\n                      <p class=\"u-align-center u-custom-font u-heading-font u-text u-text-palette-1-base u-text-1\">Sprawd\u017a termin<\/p>\n                      <a href=\"\/en\/kontakt\/\" class=\"u-align-center u-btn u-button-style u-hover-palette-1-dark-1 u-palette-1-base u-btn-1\">REZERWACJA<\/a>\n                    <\/div>\n                  <\/div>\n                <\/div>\n              <\/div>\n              <div class=\"u-container-style u-layout-cell u-size-41-lg u-size-41-xl u-size-60-md u-size-60-sm u-size-60-xs u-layout-cell-2\">\n                <div class=\"u-container-layout u-container-layout-3\">\n                  <h2 class=\"u-text u-text-default u-text-2\">\n                    <span style=\"font-weight: 700;\"><\/span>Pakiet Wielkanocny!\n                  <\/h2>\n                  <div class=\"u-border-2 u-border-grey-10 u-expanded-width u-line u-line-horizontal u-line-1\"><\/div>\n                  <p class=\"u-heading-font u-text u-text-default u-text-palette-1-base u-text-3\"> Serdecznie zapraszamy na \u015awi\u0119ta Wielkanocne w Apartamentach Mariza!<\/p>\n                  <p class=\"u-text u-text-4\">Sp\u0119d\u017a wyj\u0105tkowy, rodzinny czas w komfortowej i \u015bwi\u0105tecznej atmosferze.<br>\n                    <br>Cena pobytu obejmuje?&nbsp;<br>Noclegi w nowych, przestronnych i komfortowych apartamentach.&nbsp;<br>\u015aniadania w formie bogatego bufetu szwedzkiego, w tym uroczyste \u015bniadanie wielkanocne<br>Obiadokolacje<br>Codzienny dost\u0119p do sauny<br>Klimatyczne zewn\u0119trzne jacuzzi<br>Kaw\u0119 oraz pyszne, domowe ciasta<br>Zapewniamy relaks, doskona\u0142\u0105 kuchni\u0119 i \u015bwi\u0105teczn\u0105 atmosfer\u0119, dzi\u0119ki kt\u00f3rej Wielkanoc stanie si\u0119 naprawd\u0119 wyj\u0105tkowa.<br>\n                    <br>\n                    <span style=\"font-weight: 700;\">Zapraszamy do kontaktu.&nbsp;<br>tel: 798 719 384&nbsp;<br>mail: apartamenty.mariza@gmail.com&nbsp;\n                    <\/span>\n                    <br>\n                    <br>*Istnieje mo\u017cliwo\u015b\u0107 rezewacji samych nocleg\u00f3w, bez \u015bniada\u0144.&nbsp;<br>*Istnieje mo\u017cliwo\u015b\u0107 przed\u0142u\u017cenia pobytu.\n                  <\/p>\n                <\/div>\n              <\/div>\n            <\/div>\n          <\/div>\n        <\/div>\n      <\/div>\n    <\/section>\n    <section class=\"u-clearfix u-section-4\" id=\"sec-15a6\">\n      <div class=\"u-clearfix u-sheet u-sheet-1\">\n        <div class=\"u-clearfix u-custom-html u-expanded-width u-custom-html-1\"><!-- Previo Reservation+ start -->\n          <script type=\"text\/javascript\" src=\"https:\/\/booking.previo.app\/iframe\/\"><\/script>\n          <iframe loading=\"lazy\" src=\"https:\/\/booking.previo.app\/?hotId=789907&amp;showTabs=stay&amp;showStays=113331&amp;theme=brown\" scrolling=\"no\" frameborder=\"0\" width=\"100%\" height=\"2000\" name=\"previo-booking-iframe\" id=\"previo-booking-iframe\" allowtransparency=\"true\"><\/iframe><!-- Previo Reservation+ end -->\n        <\/div>\n      <\/div>\n    <\/section>","protected":false},"excerpt":{"rendered":"<p>WIELKANOC Zarezerwuj sw\u00f3j pobyt Sprawd\u017a termin REZERWACJA Pakiet Wielkanocny! Serdecznie zapraszamy na \u015awi\u0119ta Wielkanocne w Apartamentach Mariza! Sp\u0119d\u017a wyj\u0105tkowy, rodzinny czas w komfortowej i \u015bwi\u0105tecznej atmosferze. Cena pobytu obejmuje?&nbsp;Noclegi w nowych, przestronnych i komfortowych apartamentach.&nbsp;\u015aniadania w formie bogatego bufetu szwedzkiego, w tym uroczyste \u015bniadanie wielkanocneObiadokolacjeCodzienny dost\u0119p do saunyKlimatyczne zewn\u0119trzne jacuzziKaw\u0119 oraz pyszne, domowe ciastaZapewniamy relaks, &hellip; <a href=\"http:\/\/dev.apartamentymariza.pl\/en\/pakiety\/wielkanoc\/\" class=\"more-link\">Continue reading<span class=\"screen-reader-text\"> &#8222;Pakiet Wielkanocny&#8221;<\/span><\/a><\/p>","protected":false},"author":1,"featured_media":0,"parent":108,"menu_order":3,"comment_status":"closed","ping_status":"closed","template":"","meta":{"footnotes":""},"class_list":["post-107","page","type-page","status-publish","hentry"],"_links":{"self":[{"href":"http:\/\/dev.apartamentymariza.pl\/en\/wp-json\/wp\/v2\/pages\/107","targetHints":{"allow":["GET"]}}],"collection":[{"href":"http:\/\/dev.apartamentymariza.pl\/en\/wp-json\/wp\/v2\/pages"}],"about":[{"href":"http:\/\/dev.apartamentymariza.pl\/en\/wp-json\/wp\/v2\/types\/page"}],"author":[{"embeddable":true,"href":"http:\/\/dev.apartamentymariza.pl\/en\/wp-json\/wp\/v2\/users\/1"}],"replies":[{"embeddable":true,"href":"http:\/\/dev.apartamentymariza.pl\/en\/wp-json\/wp\/v2\/comments?post=107"}],"version-history":[{"count":6,"href":"http:\/\/dev.apartamentymariza.pl\/en\/wp-json\/wp\/v2\/pages\/107\/revisions"}],"predecessor-version":[{"id":161,"href":"http:\/\/dev.apartamentymariza.pl\/en\/wp-json\/wp\/v2\/pages\/107\/revisions\/161"}],"up":[{"embeddable":true,"href":"http:\/\/dev.apartamentymariza.pl\/en\/wp-json\/wp\/v2\/pages\/108"}],"wp:attachment":[{"href":"http:\/\/dev.apartamentymariza.pl\/en\/wp-json\/wp\/v2\/media?parent=107"}],"curies":[{"name":"wp","href":"https:\/\/api.w.org\/{rel}","templated":true}]}}