{"id":109,"date":"2026-03-04T14:06:47","date_gmt":"2026-03-04T13:06:47","guid":{"rendered":"https:\/\/kacper.previo.info.pl\/rezerwacja\/"},"modified":"2026-03-11T15:43:32","modified_gmt":"2026-03-11T14:43:32","slug":"rezerwacja","status":"publish","type":"page","link":"https:\/\/dev.apartamentymariza.pl\/en\/rezerwacja\/","title":{"rendered":"Rezerwacja"},"content":{"rendered":"<section class=\"u-clearfix u-image u-shading u-section-2\" id=\"sec-c960\" data-image-width=\"1920\" data-image-height=\"1280\" style=\"background-image: linear-gradient(0deg, rgba(0, 0, 0, 0.2), rgba(0, 0, 0, 0.2)), url(&quot;https:\/\/dev.apartamentymariza.pl\/wp-content\/uploads\/2026\/03\/07m1-2.webp&quot;);\">\n      <div class=\"u-clearfix u-sheet u-sheet-1\">\n        <span class=\"u-align-center u-file-icon u-icon u-icon-circle u-palette-1-base u-text-white u-icon-1\"><img decoding=\"async\" src=\"https:\/\/dev.apartamentymariza.pl\/wp-content\/uploads\/2026\/03\/f5fac89a.png\" alt=\"\"><\/span>\n        <h1 class=\"animacjaboulevard-text u-align-center u-custom-font u-heading-font u-text u-text-1\" data-animation-out=\"0\">REZERWACJA<\/h1>\n      <\/div>\n    <\/section>\n    <section class=\"u-clearfix u-custom-color-15 u-section-3\" id=\"sec-a22a\">\n      <div class=\"u-clearfix u-sheet u-valign-middle u-sheet-1\">\n        <div class=\"u-expanded-width u-shortcode u-shortcode-1\">    <style>\n        .previo-booking-loader {\n            display: flex;\n            justify-content: center;\n            align-items: center;\n            min-height: 200px;\n        }\n        .previo-booking-spinner {\n            width: 40px;\n            height: 40px;\n            border: 4px solid #f3f3f3;\n            border-top: 4px solid #3498db;\n            border-radius: 50%;\n            animation: previo-spin 1s linear infinite;\n        }\n        @keyframes previo-spin {\n            0% { transform: rotate(0deg); }\n            100% { transform: rotate(360deg); }\n        }\n        .previo-booking-loader.hidden {\n            display: none;\n        }\n    <\/style>\n    <div class=\"previo-booking-loader\" id=\"previo-booking-loader\">\n        <div class=\"previo-booking-spinner\"><\/div>\n    <\/div>\n    <div id=\"previo-booking-engine\"><\/div>\n    <script type=\"text\/javascript\">\n        var bookingEngineConfig = {\"id\":\"019cb90e-eb29-70a2-b9b8-e4b5c7346392\",\"lang\":\"pl\",\"guestFiler\":\"1\",\"selected\":\"\"};\n        var a = document.createElement('script');\n        a.src = 'https:\/\/booking.previo.app\/loader\/';\n        a.onload = function() {\n            \/\/ Sprawd\u017a czy booking engine si\u0119 za\u0142adowa\u0142\n            var checkLoaded = setInterval(function() {\n                var engineDiv = document.getElementById('previo-booking-engine');\n                if (engineDiv && (engineDiv.children.length > 0 || engineDiv.innerHTML.trim() !== '')) {\n                    var loader = document.getElementById('previo-booking-loader');\n                    if (loader) {\n                        loader.classList.add('hidden');\n                    }\n                    clearInterval(checkLoaded);\n                }\n            }, 100);\n            \n            \/\/ Timeout - ukryj loader po maksymalnie 10 sekundach\n            setTimeout(function() {\n                var loader = document.getElementById('previo-booking-loader');\n                if (loader) {\n                    loader.classList.add('hidden');\n                }\n                clearInterval(checkLoaded);\n            }, 10000);\n        };\n        document.head.appendChild(a);\n    <\/script>\n    <\/div>\n      <\/div>\n    <\/section>","protected":false},"excerpt":{"rendered":"<p>REZERWACJA<\/p>","protected":false},"author":1,"featured_media":0,"parent":0,"menu_order":5,"comment_status":"closed","ping_status":"closed","template":"","meta":{"footnotes":""},"class_list":["post-109","page","type-page","status-publish","hentry"],"_links":{"self":[{"href":"https:\/\/dev.apartamentymariza.pl\/en\/wp-json\/wp\/v2\/pages\/109","targetHints":{"allow":["GET"]}}],"collection":[{"href":"https:\/\/dev.apartamentymariza.pl\/en\/wp-json\/wp\/v2\/pages"}],"about":[{"href":"https:\/\/dev.apartamentymariza.pl\/en\/wp-json\/wp\/v2\/types\/page"}],"author":[{"embeddable":true,"href":"https:\/\/dev.apartamentymariza.pl\/en\/wp-json\/wp\/v2\/users\/1"}],"replies":[{"embeddable":true,"href":"https:\/\/dev.apartamentymariza.pl\/en\/wp-json\/wp\/v2\/comments?post=109"}],"version-history":[{"count":4,"href":"https:\/\/dev.apartamentymariza.pl\/en\/wp-json\/wp\/v2\/pages\/109\/revisions"}],"predecessor-version":[{"id":203,"href":"https:\/\/dev.apartamentymariza.pl\/en\/wp-json\/wp\/v2\/pages\/109\/revisions\/203"}],"wp:attachment":[{"href":"https:\/\/dev.apartamentymariza.pl\/en\/wp-json\/wp\/v2\/media?parent=109"}],"curies":[{"name":"wp","href":"https:\/\/api.w.org\/{rel}","templated":true}]}}