{"id":110,"date":"2026-03-04T14:06:48","date_gmt":"2026-03-04T13:06:48","guid":{"rendered":"https:\/\/kacper.previo.info.pl\/wellness\/"},"modified":"2026-03-11T15:42:28","modified_gmt":"2026-03-11T14:42:28","slug":"wellness","status":"publish","type":"page","link":"https:\/\/dev.apartamentymariza.pl\/en\/wellness\/","title":{"rendered":"Wellness"},"content":{"rendered":"<section class=\"u-clearfix u-image u-shading u-section-2\" id=\"sec-def2\" data-image-width=\"1920\" data-image-height=\"1280\" style=\"background-image: linear-gradient(0deg, rgba(0, 0, 0, 0.2), rgba(0, 0, 0, 0.2)), url(&quot;https:\/\/dev.apartamentymariza.pl\/wp-content\/uploads\/2026\/03\/07m1-2.webp&quot;);\">\n      <div class=\"u-clearfix u-sheet u-sheet-1\">\n        <span class=\"u-align-center u-file-icon u-icon u-icon-circle u-palette-1-base u-text-white u-icon-1\"><img decoding=\"async\" src=\"https:\/\/dev.apartamentymariza.pl\/wp-content\/uploads\/2026\/03\/212e668a-2.png\" alt=\"\"><\/span>\n        <h1 class=\"animacjaboulevard-text u-align-center u-custom-font u-heading-font u-text u-text-1\" data-animation-out=\"0\">STREFA RELAKSU<\/h1>\n        <a href=\"\/en\/rezerwacja\/\" class=\"u-align-center u-btn u-button-style u-hover-feature u-hover-grey-90 u-text-white u-border-none u-palette-1-base u-btn-1\" target=\"_blank\">Book your stay <\/a>\n      <\/div>\n      \n    <\/section>\n    <section class=\"u-clearfix u-container-align-center u-section-3\" id=\"sec-9cbf\">\n      <div class=\"u-clearfix u-sheet u-sheet-1\">\n        <div class=\"data-layout-selected u-clearfix u-expanded-width u-gutter-20 u-layout-wrap u-layout-wrap-1\">\n          <div class=\"u-layout\">\n            <div class=\"u-layout-row\">\n              <div class=\"u-size-30\">\n                <div class=\"u-layout-col\">\n                  <div class=\"u-container-align-center u-container-style u-layout-cell u-size-20 u-white u-layout-cell-1\">\n                    <div class=\"u-border-2 u-border-palette-1-base u-container-layout u-valign-middle u-container-layout-1\">\n                      <h3 class=\"u-align-center u-text u-text-default u-text-1\"> We offer<\/h3>\n                      <p class=\"u-align-center u-text u-text-default u-text-2\">\n                        <span style=\"font-weight: 700;\"> SAUNA AVAILABLE DAILY \u2013 INCLUDED IN THE PRICE OF YOUR STAY!<\/span>\n                        <br>\n                        <br>Our outdoor jacuzzi, located in a cozy covered gazebo, is available for private use at an attractive price of 50 PLN per hour. \n                      <\/p>\n                    <\/div>\n                  <\/div>\n                  <div class=\"u-container-align-center u-container-style u-image u-layout-cell u-size-40 u-image-1\" data-image-width=\"1920\" data-image-height=\"1280\" style=\"background-image: url(&quot;https:\/\/dev.apartamentymariza.pl\/wp-content\/uploads\/2026\/03\/jacuzzi4-2.jpg&quot;);\">\n                    <div class=\"u-container-layout u-container-layout-2\"><\/div>\n                  <\/div>\n                <\/div>\n              <\/div>\n              <div class=\"u-size-30\">\n                <div class=\"u-layout-col\">\n                  <div class=\"u-container-align-center u-container-style u-image u-layout-cell u-size-40 u-image-2\" data-image-width=\"1920\" data-image-height=\"1280\" style=\"background-image: url(&quot;https:\/\/dev.apartamentymariza.pl\/wp-content\/uploads\/2026\/03\/07m-2.jpg&quot;);\">\n                    <div class=\"u-container-layout u-container-layout-3\"><\/div>\n                  <\/div>\n                  <div class=\"u-align-center u-container-align-center u-container-style u-layout-cell u-size-20 u-white u-layout-cell-4\">\n                    <div class=\"u-border-2 u-border-palette-1-base u-container-layout u-container-layout-4\">\n                      <p class=\"u-align-center u-text u-text-default u-text-3\"> If you dream of a winter getaway away from the crowds and noise of large resorts, our property in Jaworki will be the perfect choice.<br>\n                        <br>In winter, Szczawnica and Jaworki charm visitors with their peaceful atmosphere, beautiful views and spa-town climate \u2013 the perfect place for a winter reset, walks along snowy trails, sleigh rides and relaxation after an active day.<br>\n                        <br>It is a great alternative to crowded destinations such as Zakopane or Bia\u0142ka Tatrza\u0144ska \u2013 without queues, without stress and with a more intimate atmosphere.<br>\n                        <br>Our property offers comfortable accommodation, cozy interiors and conditions ideal for both couples and families looking for a peaceful winter holiday.<br>\n                        <br>If you appreciate peace, nature and the true mountain atmosphere, Szczawnica in winter may pleasantly surprise you. \n                      <\/p>\n                    <\/div>\n                  <\/div>\n                <\/div>\n              <\/div>\n            <\/div>\n          <\/div>\n        <\/div>\n      <\/div>\n    <\/section>\n    <section class=\"u-clearfix u-image u-valign-middle u-section-4\" id=\"sec-a22a\" data-image-width=\"1920\" data-image-height=\"1280\" style=\"background-image: url(&quot;https:\/\/dev.apartamentymariza.pl\/wp-content\/uploads\/2026\/03\/07m-2.jpg&quot;);\">\n      <div class=\"u-align-center u-border-2 u-border-palette-1-base u-container-align-center u-container-style u-group u-shading u-group-1\">\n        <div class=\"u-container-layout u-valign-middle u-container-layout-1\">\n          <h3 class=\"u-align-center u-text u-text-default u-text-1\">We welcome you all year round!<\/h3>\n          <p class=\"u-align-center u-text u-text-2\"> We guarantee high-standard accommodation, a memorable family getaway and assistance in organizing your stay.<br>\n            <br>Mariza Apartments \u2013 a unique place in the picturesque village of Jaworki.<br>We welcome you all year round.<br>\n            <br>\n          <\/p>\n        <\/div>\n      <\/div>\n    <\/section>","protected":false},"excerpt":{"rendered":"<p>STREFA RELAKSU Zarezerwuj sw\u00f3j pobyt Oferujemy SAUNA&nbsp; CZYNNA CODZIENNIE W CENIE POBYTU! Jacuzzi zewn\u0119trzne usytu\u0142owane w klimatycznej zabudowanej altanie wynajmowane jest u nas na wy\u0142\u0105czno\u015b\u0107, w bardzo atrkacyjnej cenie 50z\u0142\/1h. Je\u015bli marzysz o zimowym wypoczynku z dala od t\u0142um\u00f3w i ha\u0142asu du\u017cych kurort\u00f3w, nasz obiekt w Jaworkach b\u0119dzie idealnym wyborem. Zim\u0105 Szczawnica oraz Jaworki zachwycaj\u0105 &hellip; <a href=\"https:\/\/dev.apartamentymariza.pl\/en\/wellness\/\" class=\"more-link\">Continue reading<span class=\"screen-reader-text\"> &#8222;Wellness&#8221;<\/span><\/a><\/p>","protected":false},"author":1,"featured_media":0,"parent":0,"menu_order":6,"comment_status":"closed","ping_status":"closed","template":"","meta":{"footnotes":""},"class_list":["post-110","page","type-page","status-publish","hentry"],"_links":{"self":[{"href":"https:\/\/dev.apartamentymariza.pl\/en\/wp-json\/wp\/v2\/pages\/110","targetHints":{"allow":["GET"]}}],"collection":[{"href":"https:\/\/dev.apartamentymariza.pl\/en\/wp-json\/wp\/v2\/pages"}],"about":[{"href":"https:\/\/dev.apartamentymariza.pl\/en\/wp-json\/wp\/v2\/types\/page"}],"author":[{"embeddable":true,"href":"https:\/\/dev.apartamentymariza.pl\/en\/wp-json\/wp\/v2\/users\/1"}],"replies":[{"embeddable":true,"href":"https:\/\/dev.apartamentymariza.pl\/en\/wp-json\/wp\/v2\/comments?post=110"}],"version-history":[{"count":3,"href":"https:\/\/dev.apartamentymariza.pl\/en\/wp-json\/wp\/v2\/pages\/110\/revisions"}],"predecessor-version":[{"id":147,"href":"https:\/\/dev.apartamentymariza.pl\/en\/wp-json\/wp\/v2\/pages\/110\/revisions\/147"}],"wp:attachment":[{"href":"https:\/\/dev.apartamentymariza.pl\/en\/wp-json\/wp\/v2\/media?parent=110"}],"curies":[{"name":"wp","href":"https:\/\/api.w.org\/{rel}","templated":true}]}}