{"id":113,"date":"2026-03-04T14:06:51","date_gmt":"2026-03-04T13:06:51","guid":{"rendered":"https:\/\/kacper.previo.info.pl\/atrakcje\/"},"modified":"2026-03-11T15:42:46","modified_gmt":"2026-03-11T14:42:46","slug":"atrakcje","status":"publish","type":"page","link":"https:\/\/dev.apartamentymariza.pl\/en\/atrakcje\/","title":{"rendered":"Attractions"},"content":{"rendered":"<section class=\"u-clearfix u-image u-shading u-section-2\" id=\"sec-55b1\" data-image-width=\"1920\" data-image-height=\"1280\" style=\"background-image: linear-gradient(0deg, rgba(0, 0, 0, 0.2), rgba(0, 0, 0, 0.2)), url(&quot;https:\/\/dev.apartamentymariza.pl\/wp-content\/uploads\/2026\/03\/arena-2.jpg&quot;);\">\n      <div class=\"u-clearfix u-sheet u-sheet-1\">\n        <span class=\"u-align-center u-file-icon u-icon u-icon-circle u-palette-1-base u-text-white u-icon-1\"><img decoding=\"async\" src=\"https:\/\/dev.apartamentymariza.pl\/wp-content\/uploads\/2026\/03\/9ed228a2.png\" alt=\"\"><\/span>\n        <h1 class=\"animacjaboulevard-text u-align-center u-custom-font u-heading-font u-text u-text-1\" data-animation-out=\"0\">REGIONAL ATTRACTIONS<\/h1>\n        <a href=\"\/en\/rezerwacja\/\" class=\"u-align-center u-btn u-button-style u-hover-feature u-hover-grey-90 u-text-white u-border-none u-palette-1-base u-btn-1\" target=\"_blank\">Book your stay <\/a>\n      <\/div>\n      \n    <\/section>\n    <section class=\"u-clearfix u-section-3\" id=\"block-2\">\n      <div class=\"u-clearfix u-sheet u-sheet-1\">\n        <div class=\"u-expanded-width u-shortcode u-shortcode-1\">    <div class=\"chilla-apartments-tiles-wrapper\">\r\n        <div class=\"chilla-apartments-tiles-grid\">\r\n                                            <div class=\"chilla-apartment-tile\">\r\n                                            <div class=\"chilla-apartment-tile-image-wrapper\">\r\n                            <img decoding=\"async\" class=\"chilla-apartment-tile-image\" src=\"http:\/\/dev.apartamentymariza.pl\/wp-content\/uploads\/2026\/03\/Wawoz-Homole-9.jpg\" alt=\"W\u0105w\u00f3z Homole\">\r\n                        <\/div>\r\n                    \r\n                    <div class=\"chilla-apartment-tile-content\">\r\n                                                    <h3 class=\"chilla-apartment-tile-title\">Homole Gorge<\/h3>\r\n                        \r\n                                                    <p class=\"chilla-apartment-tile-subtitle\">One of the most beautiful nature reserves in the Little Pieniny Mountains, located in Jaworki near Szczawnica.<\/p>\r\n                        \r\n                                                    <div class=\"chilla-apartment-tile-footer\">\r\n                                <a href=\"https:\/\/maps.app.goo.gl\/9Wnbrwmb7zuhZsXa8\" class=\"chilla-apartment-tile-button\">\r\n                                    See more                                <\/a>\r\n                            <\/div>\r\n                                            <\/div>\r\n                <\/div>\r\n                                            <div class=\"chilla-apartment-tile\">\r\n                                            <div class=\"chilla-apartment-tile-image-wrapper\">\r\n                            <img decoding=\"async\" class=\"chilla-apartment-tile-image\" src=\"http:\/\/dev.apartamentymariza.pl\/wp-content\/uploads\/2026\/03\/rezerwat-biala-woda.webp\" alt=\"Rezerwat Bia\u0142a Woda\">\r\n                        <\/div>\r\n                    \r\n                    <div class=\"chilla-apartment-tile-content\">\r\n                                                    <h3 class=\"chilla-apartment-tile-title\">Bia\u0142a Woda Nature Reserve<\/h3>\r\n                        \r\n                                                    <p class=\"chilla-apartment-tile-subtitle\">A perfect place for walks for families with children, seniors and cyclists.<\/p>\r\n                        \r\n                                                    <div class=\"chilla-apartment-tile-footer\">\r\n                                <a href=\"https:\/\/maps.app.goo.gl\/DggarMchSsW1rXA3A\" class=\"chilla-apartment-tile-button\">\r\n                                    See more                                <\/a>\r\n                            <\/div>\r\n                                            <\/div>\r\n                <\/div>\r\n                                            <div class=\"chilla-apartment-tile\">\r\n                                            <div class=\"chilla-apartment-tile-image-wrapper\">\r\n                            <img decoding=\"async\" class=\"chilla-apartment-tile-image\" src=\"http:\/\/dev.apartamentymariza.pl\/wp-content\/uploads\/2026\/03\/Muzyczna_Owczarnia_-_scena.jpg\" alt=\"Muzyczna Owczarnia\">\r\n                        <\/div>\r\n                    \r\n                    <div class=\"chilla-apartment-tile-content\">\r\n                                                    <h3 class=\"chilla-apartment-tile-title\">Muzyczna Owczarnia<\/h3>\r\n                        \r\n                                                    <p class=\"chilla-apartment-tile-subtitle\">A legendary music club<\/p>\r\n                        \r\n                                                    <div class=\"chilla-apartment-tile-footer\">\r\n                                <a href=\"https:\/\/maps.app.goo.gl\/qXZR2LSuywn4tDdUA\" class=\"chilla-apartment-tile-button\">\r\n                                    See more                                <\/a>\r\n                            <\/div>\r\n                                            <\/div>\r\n                <\/div>\r\n                                            <div class=\"chilla-apartment-tile\">\r\n                                            <div class=\"chilla-apartment-tile-image-wrapper\">\r\n                            <img decoding=\"async\" class=\"chilla-apartment-tile-image\" src=\"http:\/\/dev.apartamentymariza.pl\/wp-content\/uploads\/2026\/03\/1724661658166cc3f9af2fd6136452711.jpg\" alt=\"Palenica\">\r\n                        <\/div>\r\n                    \r\n                    <div class=\"chilla-apartment-tile-content\">\r\n                                                    <h3 class=\"chilla-apartment-tile-title\">Palenica<\/h3>\r\n                        \r\n                                                    <p class=\"chilla-apartment-tile-subtitle\">One of the most popular peaks in the Little Pieniny Mountains<\/p>\r\n                        \r\n                                                    <div class=\"chilla-apartment-tile-footer\">\r\n                                <a href=\"https:\/\/maps.app.goo.gl\/umq8ZsYJkeiD3HM96\" class=\"chilla-apartment-tile-button\">\r\n                                    See more                                <\/a>\r\n                            <\/div>\r\n                                            <\/div>\r\n                <\/div>\r\n                                            <div class=\"chilla-apartment-tile\">\r\n                                            <div class=\"chilla-apartment-tile-image-wrapper\">\r\n                            <img decoding=\"async\" class=\"chilla-apartment-tile-image\" src=\"http:\/\/dev.apartamentymariza.pl\/wp-content\/uploads\/2026\/03\/140.jpg\" alt=\"Arena Jaworki Homole\">\r\n                        <\/div>\r\n                    \r\n                    <div class=\"chilla-apartment-tile-content\">\r\n                                                    <h3 class=\"chilla-apartment-tile-title\">Arena Jaworki Homole<\/h3>\r\n                        \r\n                                                    <p class=\"chilla-apartment-tile-subtitle\">A year-round recreational resort<\/p>\r\n                        \r\n                                                    <div class=\"chilla-apartment-tile-footer\">\r\n                                <a href=\"https:\/\/maps.app.goo.gl\/MWBEoAd8DRHnmFSJA\" class=\"chilla-apartment-tile-button\">\r\n                                    See more                                <\/a>\r\n                            <\/div>\r\n                                            <\/div>\r\n                <\/div>\r\n                                            <div class=\"chilla-apartment-tile\">\r\n                                            <div class=\"chilla-apartment-tile-image-wrapper\">\r\n                            <img decoding=\"async\" class=\"chilla-apartment-tile-image\" src=\"http:\/\/dev.apartamentymariza.pl\/wp-content\/uploads\/2026\/03\/trzy-korony-pieniny.webp\" alt=\"Trzy Korony\">\r\n                        <\/div>\r\n                    \r\n                    <div class=\"chilla-apartment-tile-content\">\r\n                                                    <h3 class=\"chilla-apartment-tile-title\">Trzy Korony<\/h3>\r\n                        \r\n                                                    <p class=\"chilla-apartment-tile-subtitle\">There are many trails leading to Trzy Korony with varying levels of difficulty and hiking times.<\/p>\r\n                        \r\n                                                    <div class=\"chilla-apartment-tile-footer\">\r\n                                <a href=\"https:\/\/maps.app.goo.gl\/UjMK1J6Afz6F9eXq6\" class=\"chilla-apartment-tile-button\">\r\n                                    See more                                <\/a>\r\n                            <\/div>\r\n                                            <\/div>\r\n                <\/div>\r\n                                            <div class=\"chilla-apartment-tile\">\r\n                                            <div class=\"chilla-apartment-tile-image-wrapper\">\r\n                            <img decoding=\"async\" class=\"chilla-apartment-tile-image\" src=\"http:\/\/dev.apartamentymariza.pl\/wp-content\/uploads\/2026\/03\/14631C96-E218-4BF3-8BC7-17268D3DF033.png\" alt=\"Szczyt Wysoka\">\r\n                        <\/div>\r\n                    \r\n                    <div class=\"chilla-apartment-tile-content\">\r\n                                                    <h3 class=\"chilla-apartment-tile-title\">Wysoka Mountain<\/h3>\r\n                        \r\n                                                    <p class=\"chilla-apartment-tile-subtitle\">Trail to Wysoka in the Pieniny Mountains, duration: about 6 hours.<\/p>\r\n                        \r\n                                                    <div class=\"chilla-apartment-tile-footer\">\r\n                                <a href=\"https:\/\/maps.app.goo.gl\/LswWsZn3xSejw9h5A\" class=\"chilla-apartment-tile-button\">\r\n                                    See more                                <\/a>\r\n                            <\/div>\r\n                                            <\/div>\r\n                <\/div>\r\n                                            <div class=\"chilla-apartment-tile\">\r\n                                            <div class=\"chilla-apartment-tile-image-wrapper\">\r\n                            <img decoding=\"async\" class=\"chilla-apartment-tile-image\" src=\"http:\/\/dev.apartamentymariza.pl\/wp-content\/uploads\/2026\/03\/F2D5C390-2221-4852-A68E-CD9D3D50F1C6.png\" alt=\"Przehyba\">\r\n                        <\/div>\r\n                    \r\n                    <div class=\"chilla-apartment-tile-content\">\r\n                                                    <h3 class=\"chilla-apartment-tile-title\">Przehyba<\/h3>\r\n                        \r\n                                                    <p class=\"chilla-apartment-tile-subtitle\">A popular peak (1173\u20131175 m above sea level).<\/p>\r\n                        \r\n                                                    <div class=\"chilla-apartment-tile-footer\">\r\n                                <a href=\"https:\/\/maps.app.goo.gl\/XKbJjdhSKcWk5FudA\" class=\"chilla-apartment-tile-button\">\r\n                                    See more                                <\/a>\r\n                            <\/div>\r\n                                            <\/div>\r\n                <\/div>\r\n                                            <div class=\"chilla-apartment-tile\">\r\n                                            <div class=\"chilla-apartment-tile-image-wrapper\">\r\n                            <img decoding=\"async\" class=\"chilla-apartment-tile-image\" src=\"http:\/\/dev.apartamentymariza.pl\/wp-content\/uploads\/2026\/03\/23793FA5-5E91-4622-AC40-36952714B47E.png\" alt=\"Radziejowa\">\r\n                        <\/div>\r\n                    \r\n                    <div class=\"chilla-apartment-tile-content\">\r\n                                                    <h3 class=\"chilla-apartment-tile-title\">Radziejowa<\/h3>\r\n                        \r\n                                                    <p class=\"chilla-apartment-tile-subtitle\">The highest peak of the S\u0105cz Beskids, included in the Crown of Polish Mountains.<\/p>\r\n                        \r\n                                                    <div class=\"chilla-apartment-tile-footer\">\r\n                                <a href=\"https:\/\/maps.app.goo.gl\/XLrw6MwsJhJUAoDe8\" class=\"chilla-apartment-tile-button\">\r\n                                    See more                                <\/a>\r\n                            <\/div>\r\n                                            <\/div>\r\n                <\/div>\r\n                                            <div class=\"chilla-apartment-tile\">\r\n                                            <div class=\"chilla-apartment-tile-image-wrapper\">\r\n                            <img decoding=\"async\" class=\"chilla-apartment-tile-image\" src=\"http:\/\/dev.apartamentymariza.pl\/wp-content\/uploads\/2026\/03\/7AE681D1-1475-4F06-9D0C-0F15CF17E298.png\" alt=\"Wodospad Zaskalnik\">\r\n                        <\/div>\r\n                    \r\n                    <div class=\"chilla-apartment-tile-content\">\r\n                                                    <h3 class=\"chilla-apartment-tile-title\">Zaskalnik Waterfall<\/h3>\r\n                        \r\n                                                    <p class=\"chilla-apartment-tile-subtitle\">A small but very charming waterfall about 5 meters high.<\/p>\r\n                        \r\n                                                    <div class=\"chilla-apartment-tile-footer\">\r\n                                <a href=\"https:\/\/maps.app.goo.gl\/cSxAqmUAeXSrusjR8\" class=\"chilla-apartment-tile-button\">\r\n                                    See more                                <\/a>\r\n                            <\/div>\r\n                                            <\/div>\r\n                <\/div>\r\n                                            <div class=\"chilla-apartment-tile\">\r\n                                            <div class=\"chilla-apartment-tile-image-wrapper\">\r\n                            <img decoding=\"async\" class=\"chilla-apartment-tile-image\" src=\"http:\/\/dev.apartamentymariza.pl\/wp-content\/uploads\/2026\/03\/1E76207C-41B2-4A9A-A3C6-A9FFCD8A19F5.png\" alt=\"Rejs po Jeziorze Czorszty\u0144skim\">\r\n                        <\/div>\r\n                    \r\n                    <div class=\"chilla-apartment-tile-content\">\r\n                                                    <h3 class=\"chilla-apartment-tile-title\">Cruise on Lake Czorsztyn<\/h3>\r\n                        \r\n                                                    <p class=\"chilla-apartment-tile-subtitle\">Boat cruise<\/p>\r\n                        \r\n                                                    <div class=\"chilla-apartment-tile-footer\">\r\n                                <a href=\"https:\/\/maps.app.goo.gl\/VmpTr7qeMCyznBWc6\" class=\"chilla-apartment-tile-button\">\r\n                                    See more                                <\/a>\r\n                            <\/div>\r\n                                            <\/div>\r\n                <\/div>\r\n                                            <div class=\"chilla-apartment-tile\">\r\n                                            <div class=\"chilla-apartment-tile-image-wrapper\">\r\n                            <img decoding=\"async\" class=\"chilla-apartment-tile-image\" src=\"http:\/\/dev.apartamentymariza.pl\/wp-content\/uploads\/2026\/03\/DBDCE212-F578-4E48-B548-7608B2E33DF4.png\" alt=\"Zamek w Czorsztynie\">\r\n                        <\/div>\r\n                    \r\n                    <div class=\"chilla-apartment-tile-content\">\r\n                                                    <h3 class=\"chilla-apartment-tile-title\">Czorsztyn Castle<\/h3>\r\n                        \r\n                                                    <p class=\"chilla-apartment-tile-subtitle\">Ruins of a medieval castle located on Castle Hill in Czorsztyn.<\/p>\r\n                        \r\n                                                    <div class=\"chilla-apartment-tile-footer\">\r\n                                <a href=\"https:\/\/maps.app.goo.gl\/mDG8JHqPPrE1M3AX7\" class=\"chilla-apartment-tile-button\">\r\n                                    See more                                <\/a>\r\n                            <\/div>\r\n                                            <\/div>\r\n                <\/div>\r\n                                            <div class=\"chilla-apartment-tile\">\r\n                                            <div class=\"chilla-apartment-tile-image-wrapper\">\r\n                            <img decoding=\"async\" class=\"chilla-apartment-tile-image\" src=\"http:\/\/dev.apartamentymariza.pl\/wp-content\/uploads\/2026\/03\/4BC2CD4F-F560-429E-95E4-CDAE6025485D.png\" alt=\"Zamek w Niedzicy\">\r\n                        <\/div>\r\n                    \r\n                    <div class=\"chilla-apartment-tile-content\">\r\n                                                    <h3 class=\"chilla-apartment-tile-title\">Niedzica Castle<\/h3>\r\n                        \r\n                                                    <p class=\"chilla-apartment-tile-subtitle\">A medieval castle located in the village of Niedzica-Zamek.<\/p>\r\n                        \r\n                                                    <div class=\"chilla-apartment-tile-footer\">\r\n                                <a href=\"https:\/\/maps.app.goo.gl\/RKtwafP39mjvCY4JA\" class=\"chilla-apartment-tile-button\">\r\n                                    See more                                <\/a>\r\n                            <\/div>\r\n                                            <\/div>\r\n                <\/div>\r\n                    <\/div>\r\n    <\/div>\r\n        <style>\r\n    .chilla-apartments-tiles-wrapper {\r\n        width: 100%;\r\n        margin: 0 auto;\r\n        padding: 20px 0;\r\n    }\r\n\r\n    .chilla-apartments-tiles-grid {\r\n        display: grid;\r\n        grid-template-columns: repeat(3, minmax(0, 1fr));\r\n        gap: 24px;\r\n    }\r\n\r\n    .chilla-apartment-tile {\r\n        background: #ffffff;\r\n        border-radius: 0;\r\n        border: 1px solid #bda47e;\r\n        overflow: hidden;\r\n        box-shadow: none;\r\n        display: flex;\r\n        flex-direction: column;\r\n        height: 100%;\r\n    }\r\n\r\n    .chilla-apartment-tile-image-wrapper {\r\n        position: relative;\r\n        overflow: hidden;\r\n        max-height: 220px;\r\n    }\r\n\r\n    .chilla-apartment-tile-image {\r\n        width: 100%;\r\n        height: 100%;\r\n        object-fit: cover;\r\n        display: block;\r\n        transition: transform 0.4s ease;\r\n    }\r\n\r\n    .chilla-apartment-tile:hover .chilla-apartment-tile-image {\r\n        transform: scale(1.03);\r\n    }\r\n\r\n    .chilla-apartment-tile-content {\r\n        text-align: center;\r\n        padding: 20px 24px 24px;\r\n        display: flex;\r\n        flex-direction: column;\r\n        flex: 1;\r\n    }\r\n\r\n    .chilla-apartment-tile-title {\r\n        font-size: 18px;\r\n        font-weight: 600;\r\n        margin: 0 0 8px;\r\n        color: #111111;\r\n    }\r\n\r\n    .chilla-apartment-tile-subtitle {\r\n        font-size: 14px;\r\n        color: #555555;\r\n        margin: 0 0 16px;\r\n        line-height: 1.5;\r\n    }\r\n\r\n    .chilla-apartment-tile-footer {\r\n        margin-top: auto;\r\n        display: flex;\r\n        justify-content: flex-start;\r\n    }\r\n\r\n    .chilla-apartment-tile-button {\r\n        display: inline-block;\r\n        padding: 10px 20px;\r\n        background-color: transparent !important;\r\n        color: #2c2c2c !important;\r\n        text-decoration: none;\r\n        border: 1px solid #2c2c2c;\r\n        border-radius: 0;\r\n        font-size: 14px;\r\n        text-align: center;\r\n        width: 100%;\r\n        font-weight: 500;\r\n        transition: background-color 0.2s ease, color 0.2s ease;\r\n        white-space: nowrap;\r\n    }\r\n\r\n    .chilla-apartment-tile-button:hover {\r\n        background-color: #2c2c2c !important;\r\n        color: #ffffff !important;\r\n    }\r\n\r\n    @media (max-width: 1024px) {\r\n        .chilla-apartments-tiles-grid {\r\n            grid-template-columns: repeat(2, minmax(0, 1fr));\r\n        }\r\n    }\r\n\r\n    @media (max-width: 640px) {\r\n        .chilla-apartments-tiles-grid {\r\n            grid-template-columns: 1fr;\r\n        }\r\n\r\n        .chilla-apartment-tile-content {\r\n            padding: 16px 18px 18px;\r\n        }\r\n    }\r\n    <\/style>\r\n    <\/div>\n      <\/div>\n    <\/section>\n    <section class=\"u-clearfix u-container-align-center u-section-4\" id=\"sec-2fce\">\n      <div class=\"u-clearfix u-sheet u-sheet-1\">\n        <div class=\"data-layout-selected u-clearfix u-expanded-width u-gutter-20 u-layout-wrap u-layout-wrap-1\">\n          <div class=\"u-layout\">\n            <div class=\"u-layout-row\">\n              <div class=\"u-size-30\">\n                <div class=\"u-layout-col\">\n                  <div class=\"u-container-align-center u-container-style u-layout-cell u-size-20 u-white u-layout-cell-1\">\n                    <div class=\"u-border-2 u-border-palette-1-base u-container-layout u-valign-middle u-container-layout-1\">\n                      <h3 class=\"u-align-center u-text u-text-default u-text-1\"> Winter attractions<\/h3>\n                      <p class=\"u-align-center u-text u-text-default u-text-2\"> A perfect base for skiing and sledding!<\/p>\n                    <\/div>\n                  <\/div>\n                  <div class=\"u-container-align-center u-container-style u-image u-layout-cell u-size-40 u-image-1\" data-image-width=\"1920\" data-image-height=\"1280\" style=\"background-image: url(&quot;https:\/\/dev.apartamentymariza.pl\/wp-content\/uploads\/2026\/03\/arena-2.jpg?rand=272a&quot;);\">\n                    <div class=\"u-container-layout u-container-layout-2\"><\/div>\n                  <\/div>\n                <\/div>\n              <\/div>\n              <div class=\"u-size-30\">\n                <div class=\"u-layout-col\">\n                  <div class=\"u-container-align-center u-container-style u-image u-layout-cell u-size-40 u-image-2\" data-image-width=\"1920\" data-image-height=\"1280\" style=\"background-image: url(&quot;https:\/\/dev.apartamentymariza.pl\/wp-content\/uploads\/2026\/03\/arena-2.jpg?rand=3d27&quot;);\">\n                    <div class=\"u-container-layout u-container-layout-3\"><\/div>\n                  <\/div>\n                  <div class=\"u-align-center u-container-align-center u-container-style u-layout-cell u-size-20 u-white u-layout-cell-4\">\n                    <div class=\"u-border-2 u-border-palette-1-base u-container-layout u-container-layout-4\">\n                      <p class=\"u-align-center u-text u-text-default u-text-3\"> If you dream of a winter getaway away from the crowds and noise of large resorts, our property in Jaworki will be the perfect choice.<br>\n                        <br>In winter, Szczawnica and Jaworki charm visitors with their peaceful atmosphere, beautiful views and spa-town climate \u2013 the perfect place for a winter reset, walks along snowy trails, sleigh rides and relaxation after an active day.<br>\n                        <br>It is a great alternative to crowded destinations such as Zakopane or Bia\u0142ka Tatrza\u0144ska \u2013 without queues, without stress and with a more intimate atmosphere.<br>\n                        <br>Our property offers comfortable accommodation, cozy interiors and conditions ideal for both couples and families looking for a peaceful winter holiday.<br>\n                        <br>If you appreciate peace, nature and the true mountain atmosphere, Szczawnica in winter may pleasantly surprise you. \n                      <\/p>\n                    <\/div>\n                  <\/div>\n                <\/div>\n              <\/div>\n            <\/div>\n          <\/div>\n        <\/div>\n      <\/div>\n    <\/section>","protected":false},"excerpt":{"rendered":"<p>ATRAKCJE REGIONU Zarezerwuj sw\u00f3j pobyt W\u0105w\u00f3z Homole Jeden z najpi\u0119kniejszych rezerwat\u00f3w przyrody w Ma\u0142ych Pieninach, po\u0142o\u017cony w Jaworkach k. Szczawnicy. Zobacz wi\u0119cej Rezerwat Bia\u0142a Woda Idealne miejsce na spacer dla rodzin z dzie\u0107mi, os\u00f3b starszych oraz rowerzyst\u00f3w Zobacz wi\u0119cej Muzyczna Owczarnia Kultowy klub muzyczny Zobacz wi\u0119cej Palenica Najpopularniejszych szczyt\u00f3w w Ma\u0142ych Pieninach Zobacz wi\u0119cej Arena &hellip; <a href=\"https:\/\/dev.apartamentymariza.pl\/en\/atrakcje\/\" class=\"more-link\">Continue reading<span class=\"screen-reader-text\"> &#8222;Atrakcje&#8221;<\/span><\/a><\/p>","protected":false},"author":1,"featured_media":0,"parent":0,"menu_order":9,"comment_status":"closed","ping_status":"closed","template":"","meta":{"footnotes":""},"class_list":["post-113","page","type-page","status-publish","hentry"],"_links":{"self":[{"href":"https:\/\/dev.apartamentymariza.pl\/en\/wp-json\/wp\/v2\/pages\/113","targetHints":{"allow":["GET"]}}],"collection":[{"href":"https:\/\/dev.apartamentymariza.pl\/en\/wp-json\/wp\/v2\/pages"}],"about":[{"href":"https:\/\/dev.apartamentymariza.pl\/en\/wp-json\/wp\/v2\/types\/page"}],"author":[{"embeddable":true,"href":"https:\/\/dev.apartamentymariza.pl\/en\/wp-json\/wp\/v2\/users\/1"}],"replies":[{"embeddable":true,"href":"https:\/\/dev.apartamentymariza.pl\/en\/wp-json\/wp\/v2\/comments?post=113"}],"version-history":[{"count":4,"href":"https:\/\/dev.apartamentymariza.pl\/en\/wp-json\/wp\/v2\/pages\/113\/revisions"}],"predecessor-version":[{"id":191,"href":"https:\/\/dev.apartamentymariza.pl\/en\/wp-json\/wp\/v2\/pages\/113\/revisions\/191"}],"wp:attachment":[{"href":"https:\/\/dev.apartamentymariza.pl\/en\/wp-json\/wp\/v2\/media?parent=113"}],"curies":[{"name":"wp","href":"https:\/\/api.w.org\/{rel}","templated":true}]}}