{"id":168,"date":"2026-03-06T16:00:28","date_gmt":"2026-03-06T15:00:28","guid":{"rendered":"https:\/\/kacper.previo.info.pl\/?page_id=168"},"modified":"2026-03-12T10:20:11","modified_gmt":"2026-03-12T09:20:11","slug":"galeria","status":"publish","type":"page","link":"https:\/\/dev.apartamentymariza.pl\/en\/galeria\/","title":{"rendered":"Gallery"},"content":{"rendered":"<section class=\"u-clearfix u-image u-shading u-section-2\" id=\"sec-92db\" data-image-width=\"1920\" data-image-height=\"1280\" style=\"background-image: linear-gradient(0deg, rgba(0, 0, 0, 0.2), rgba(0, 0, 0, 0.2)), url(&quot;https:\/\/dev.apartamentymariza.pl\/wp-content\/uploads\/2026\/03\/07m1-2.webp&quot;);\">\n      <div class=\"u-clearfix u-sheet u-sheet-1\">\n        <span class=\"u-align-center u-file-icon u-icon u-icon-circle u-palette-1-base u-text-white u-icon-1\"><img decoding=\"async\" src=\"data:image\/png;base64,iVBORw0KGgoAAAANSUhEUgAAAIAAAACACAYAAADDPmHLAAAQAElEQVR4AeydC\/w2RVXHd18UzS6KJF4zbx\/v5i0tUww1BblqgAIGiCFIplwEE1GSJBENEQvMS6ZcTBQvCAFeuAgiCkQpRZgChqCkAkZpIfg+\/r57nZk9u8\/sPrvP\/\/++8HzmPDNz5syZM3PO7s7Obdckd\/56t8BsNnug4DTBDYLPCh7Qm8kKZkidspdkAG6RTunrbvDvJPrWgvsKthF8ULBqXFtr5\/g0mTmSGgaQkzk0IwTrIn3ufmzhgnqy60nuirdZHcnq9pw6vvKhTCJDjByf\/5fJhgH4BCXhWL7P3Y91lRGlrHh2WVE9ybM8xd\/dCl9eJtndFahdhqqjKxaKkMMwgBUTt7PgocrS8\/megncJzhEcKsiVF9E4nQJ1JQ4QFrkEyIecyHvPriKi0iLkWGcMIKrCNtEJQu8v4DZ9mHw6bXf3HoRCrqST4rmDfFYyIB9yIi9yCzWtG2AA418643PMG00Ny9W+ZR6r\/l+g0KlKo9EVHNv1q00hx6mSArnkVW5LpW1YxSYKDDCAiPtKT2HH55gLkKbprQp9XxA6GnsSI\/D72GGxflwKxggt5UP4Pcn\/MwLd0M\/gSl6lP8AAyqzrjP8qSXq7IHSTGEGsMRfK\/4yEQg55nkPefTxMayS2RJdBbTTrvQHoKvpHVX0nwW2C0NH49Al+KUyYMi7l82g6RWVsLgjdz4XYvZBbwSlcbjSYwXpvADSfGvOT8ncWWEbwfDUHj4OlGIGj\/K0kT+hQ\/m6S96NhQh1HbXVskZDqndwhDIBGUqPaRqBWUJM+XzSTG4GjfEYRVaTnIpQPvQTGGwmWZABq4pEEXoSNaQS1aLYR1OmLFJ2Mo\/yFRDAzr0lGqqDJvUKOa7UV2wEB0whqPk0jGEF0U\/k138grvxZyzNAaf0BkKdYwpvyDeBVG8DJlprctz3MYwXEeZvHI+8TCv+3nTU35O0uejme+ck7o1vi8a7P08SscyxtrVCHU6J8Qw10EKEGe53bVVTtKp1B87iHOfyQIHeXuUsgRpk0WDxkHBhAmLyPuatcNO2VPZJdF41tG8P8q3XpjEDpz38n+67+r62AjBB8GpNyEVaF8BFoFBuBq1w0j3nBoMaUGw8IIeEX8SZG4Vv7BwqMkBU33BmFRrLyE0bqDCVggPtCRDl9IKIfbPneg5XTBVGpbezQMoI1QPNYp18eUpCQGZR6tCr5E8ATF\/1p+q1P6yUp8jGBHwWMU\/7j8Vqf09yjxCQL4P0pxylM08btgGcb\/G0sfbe3RMIA2Ql+sxWJjVWoxKfzcUsp1gk8IrvBT7JjorhKcIui6\/VeZRXeFAP7XV8iIwNT6aBhAhEwLkwytVLzhxFMuXJl1nIFnAKu92eINJ55yHdffwuJ7BhDVbKvdSoY0yaqo0wRCRLD0DCCq7aKsJIrT6iFaFXWaQAiHZdvrRpQBRBjSiiuzr4waoGGt4EbyVxoWX\/sX0\/quMTj0UQZQ57Wa2cI5JSwpWMvYXaAUzijfD0T1Y8FNqwB+LJl+INhVskS5MVs8M4B4hlYzW7ioeiydSI38Wyr0Q4L7CMZ3XlN4kXllIc+HJN8T5xGSPmu7n5PYEzIDmMVbQE\/2q478GI283GUyqbx29CIxRSLXsTKCiIyzGH5RNJkBqFFaiCNkaclpoakcYKVNjVO5DPduZl4847XnotV4phggp7zluNwAWstarGXU6KlgO8FJgmtVDJMitxIWnCjYVhBvZfGUKqp2KuNXFHunIHTIc7OM4mYlrARQvor23DsLeT3kVJE5BjC8WFXi8cr9NQErX5lx+w2F71oAYebjWRL9VdE+Tvj5brg9vknMHygI3bYanr332LAmTaN4Shg2lsrzHDuN3+xhJoxMYgBS6B9I5q8IniaY554ugq8oz\/PkR7h+twHxfaSY7m885j4jxX9eaZnrxzXL0voXa6cq\/wti8mlB6PYr5A7xvePzMoxuABKcq5kFmL86r3An\/dcU\/qTyMsOmYJeLbd6Kx7sV2lC3eXmV+z+FDhAUrm07R7dZdKcWrOd7yIE8LuWGihwjqN1IhdUM89CoBiAFIuYHxBqFyms4tAc0EoRgQOT98kdzkodb7AsNhu\/Q1XdNjW8TqQ2f5+xOzWnm\/UsOFpccadBtIfm3rfB9CkMLVcbuwKgGoKK2EDxDELqrhGCPHpYNQHe5cKF7liptbZYI6ebGxYdtV0cbhG0N7pD2aEEn17xgB9d3KC9yyfPc0UU9HGQHl5Kqh7GMbQAskCjFKH2utKfI0s8U3F7A55T4LIFVaYuHSHu7A5Xj4YLQvU4yVLdcuzl7tGDIvSPexrWQh0dBmPthQhwkcFwbl5rErlOd7obmGkAfZmKMUuV5bj9V8BYPo0iBYxu0Yp6zeHgE8yK6ah4sGpZhyfPcF1Tup1zM\/OZ0qacLSy46g1Wn1CnpDUV9HFR3sE+d5hpAH2YS6\/6C0J0TIpz42U64DFqva2VarP9XImQ1rrzKsTZv3ypmBnqau3j0z6FM7Q75WGPoUlCPo1zEmOG5BtCzMAZcvCyy7P\/1EE5Eaf\/jRMtgg0eZEOPPZmufKzrrMXKMyvt3pXW4nuYuTv1zKFOLk3xXKon1g\/I8t8NsNovsGzkm6QQ9bk5kNAOIKMspdpqgGknj6SmvfWEB\/yXE4YJ1wf2FhPyeIHQcG8NAWogP4rlJZkgnmMWNv94GoEbeUNCYQ187m21k8GdPXIPWzT8kj5vfDYsXfQpW3yroub9UbI1Lu1rDklNGnBwhP3SPFWL\/OXLzhiWyeNdpACoMZW8u\/72CbwiYR2f8+iYVYYHQDWfRubhGBiHc9D5hXqeUveG4rfbhMyntLJnN49+2LJ3xgq68zLOwtuDr0tVxghcIOo3CNABl4mrhOcoz8yw1J6dscGUxb63onW6RFkiDYclFeBl50RHrHvbR8Pfn9BT4tvS5l2ADg7Z5PoAIOf3yfBGz2YH3UAXvdJO0gLQzCd+SaZpgaky8sTn1POl2kyT4eXcAETCOf7FomJeWN4abupZjyLhCPKSg8Uqe286Mr1wiHdOXqIqtDEAJWAfn6TCIUhEYAd5Te8ydpz1ok5WlnY1U\/lh8kj7yZO2MbgyVVSh0e0ah6wyZGYAQ2OIpsqHfzLD+n9AJs3svEnoTvaveTRA1392gWxM3T97IFzm\/vnC+seQbi0\/\/enP4FBfyi6UrRjzRnYKeQ8cfL3Re9QE4RWtTrKAizbPyPrqpGnYHwamCH1bpQwI5zyE578wT2QLoSMBah+2V5fcF1jmJ4F+qtITePu+dzUGSNCHjM8TsQghjwDOgzgzxlJ1s1svE8dpGurtATfS7ghsEoTtcd4ENeATQObB6+zuJAev4woyt8fgLPJ6ytbChCeO171AJ5uQbt20KHVoLTZkpfRYGwLM9FOo0ZeRVMMR78VHachQmnljdkXHbt7usVZIqXZ4nUejgy\/PcdhiAtYDjRI+sJdKnLVv1bDAxaU1ki2AjokcrNh2N09DaWTp9BgZgTeFeNLSUtnyGnttIE5PWRLayGC2hq1g9Q+k\/xZU1E6fJbCCKMYt0Q1kfgAHcL8QqbnUahF6msytlY6eRSwpmLoRlaq9X+IOC8wXXCW4SSKPJbfI1DzYjfq3CXxK8X3Cg4JkCf\/aOHJOIGsWYTn1Y+v0xAF9IkaRpyuIJhZpueQqwK2Vjm3IOxUhp9xLsKWB1DgNT9KSZhPlj8dxUwIIVd+aTJiHOkOuzlf5KAZtQviwfw2Dg5RXi17ZQVmTTuxad3hUD6FX61ApIGL1OxvuhnRhuUtADBCeJliuFlc0cGMlqHKHkhlWcxS2sSuYrY3xijh1STxW30d08hm3t0NsA3ILamLo0\/cPDWrqtnBhuUjxVoZfMDiZWEzfZQdHE9sFw8CT8L1V5Zwqszncffr1o29phIQNoY4pki7cXXJYG3L6fNKC0rrMEu9ixLP5CGcGHBQzddtFOmraQAXRJ1mUcXfnctCUaEUvGrPWJiEMaU+MHKMLt\/BHyN9IzFXdX\/hS\/twA83wBgOTrnAP5oThtQvd2V70oZAXcGBZfvJjOAhapC04jBbOT+gFiaTkpkldOeSiwXsPIWxKaSpyrtfoKXCo4WnCXgfEBOFxF57oS7WQD+DPlHCVhMs4mqwd7IY2ZJwkqqnLj5TweSvsEHZAg8JpoUE2JWpwGoxfI6V4E8OuG\/lMZVzmIYhsUfqPgBgsviipSqA0LlnQkuFeyn1Acp+RWC\/xDkrlk1DPDLMgJkyGmW8D+6AagCrEN7q\/y39wTy0PMevdqS4z4CFlSy63bjtgKkrJ8KrhGU5\/q2kQb4pjZdAvG7TfD3wrH5ldfEG\/ObWyPfU0RD34BxegWnd6MagBr5zyQy277Yj0+4D5Dn8+JxkHiM5sQPhf+zGL5LwG39MuG47Sq6LKd7gIqSEawV8KHpRymqV84cr7DrUP4FkpE7kYufJDyqAUhClmXLW8jR2VqIQZCZtQ4M3pRoVsXsUEYavqmTBlWGkJL8oWAvrxvxr3QZwY0CviFAJ5DTwzN+zh\/D81wM1iitQ5Yki0bGNoChr0VuPUwebnO6xBFha1TTwuWsfF1lOCn64YK9BScIeI\/\/oXwoGQomSPyS2drZ8YqwAldXL8lZ9tY\/GcHxStxMYC204U5wuvjZ4xLK1OastrJw5K8MYL64kLsAS8DFJexqiWfVpOTZe5jHsYg0SYuE+d4\/iOSbgtJxGnh2Vn+JsHwaXvAqAcfcfFs0fyvgqmUk79cVdh3x3xaCs\/5YgXuV8nH0DUbTqUAZwaXKx5oMa+0FZVk7nZSl3VltZeHgUBlAQ5WkdgIsgZpIleGABxqCRwEfVeiGNHHTyfM08eAZWTNdMCR+vN\/TkCgHBVKGddvNSpLiNhD8qSJsa3+vfI6wkdfb\/Y5yYDRXi9+rBea6fNEkkpG3Az5iad0JMKJs+Ra0Y0NlACHjvgZR0qsylwneLTiyJ5An8rUrlLYtnkslOX4iOFFwkuCnbdRSEgdbXaJ0duaM9fzlef434vk18WfZvYJNJ7m4S\/FhqersAofqWD1euMs4qHGCrQbgX9vzC+tLP59jO0Wu1vb0OiVeKinn5crHnogny491Zn+lJTN3oYtVDncik0RGQPn7GYkbJ2li7Rc0SPuhWg0gZBPf6GHO8ePxao0rW0o5RJS8p3eNxPGsfovoOM2MgSLpKy2HgnnL4GQ00v27mC8ss4sfUXnO4RV+y4opj9GPqZzQMaXM4zXELxSPNgC\/HguVOVlmNSyrnB8hP\/qEMtG+UQI1V0ULWThmCZ8kxdB3OEz+OQKWyxfJSUJccLaAdK507iJnJPw8\/WatCOZtKpf+T9JyPhkHRbAWAQ4loKvRzw+EaVnAOu2rQRlC\/SdV4lsCdsjuIb\/TKc9uImhTPm8Lm0mpWwu+LrpoJ\/p\/ETAx9BxlYoOtPBy6x88AI3hZZhJZtP5TXuYOuCvVSIVEu41kZuNnougobr0xALUGz8hyQcwRPAAADtFJREFUSpdXL7a030t406kh6ZDRy\/e0UhCzI\/r3pIgvFfFBnvKzGpe3CE5EzXlIi3lAF3+SvE9yeHv1ijQ8FqXwJkI4Awkql1h9hGTozzGAWrKhzFYqnxqRlTd8ks1dUMo2KXrgDbFET70\/rASeyfI8d5xiW0l5\/y1\/YSc+zDCySwdjSzK1J9XvlxXimHjkURCHjpNE+ehgshQtCX4cF2PJHZDFRRsFx2VbdVTshaMxk7z5Mvlu1D+PA3kNt5cwVoeK5\/1r1fgMSImk3cmIHivYQ8Bh2E+S7xTt5xO\/nwvzGsGZgsJVFxzjBcwUhnjiH9Ff2Begf0N9lbS4cwwgYNZanYBuwehIxTD\/Hkpyshqeq6jCU5YUxZ2BiacKXwR4Vu+iPCirQNmeeNB3+IZS+fgEh2Ez2cRq4SOVxuIQJfmu4MsOHd73lYg08nL3ZuVrnOShPHzClmnqnKr+\/8M6uFio3QAqA12sgHm5Fy1GDccIG6txw6I02+ajirI4pZzXNj8xSV6jBs\/PM\/R0E5Jl8bfqn3LlVY5Tvl+vGMPA5mST+PNYea1oQscEFcYR4ok36iHkZqp3u+5EEOtGYdIobH4DNrIsgOCVi3OGXRas2GEM38WVYevtgJU+9ZmFhaWUGQy\/a7yAjifbr19n5EtkBCw355TwMNmSC5qLkmSWGyaxHLjLlB3eHDPwfxoDKBswwhAsEgvXUT9rde35aujGrVxXDYs\/rdNPDu3gbyUdayEdHFXgww9tt2rrEfRsycddxGGTYDB6jKXWPk36Dsmiv2kMoJSqNIQybvgWiYUzspYovgdQhkv\/q2Ug8J+rOMqRV7nLZSyM\/1eIeQHRM2OJcjl9jFdGa36BctglxB3BY6n8DPkyzuDioWeU0cWV4epuViLks6hEXoyDtU0XbwDtPGzOY2DjyrQaghM3LQmYdg3xp4eImLiU+GnBvgJWCj9Eeazh242FNx8FwlvlWvKJNCk6jgQrsOpdJfqB9ksq3gDaefhlDY1Zyo4rk8YPS217\/Xt0SKh49AEYojWdjIBpXJZ2Oz32Sng6nVY+to6FeEs+aCwDsOoNbS+IN4BebAcQV+3VO6+1546hVIdRZV0Pc5BlkNe\/MjzYlxFQA8bwi4Oa0nJQ6qF6tltXa10uOfOSLflI+RF\/AVj1DkjmR5dmAJUK5svUl4JRwDBPsOCjauHwbYF8bPzAXxhkBOwnqLZhO3W2rta63JrQkg+5WNSC7wIDQm58UHiQAdTyxpdZqSA+Sywl4\/4hLQMoIY54H1rohwDLx8J81tVqdRzbhngbtLNZ0kYblt0ZH2QAw5U5xHS65M\/4WStozPd0yR3QCpMkJm1XqVlaVnQWCv++GCAwRqsXnw1dB7TBnatKbdCmadJGW2WKCQwygBjGNk3W4HbSIGzGz7k9ZnE4mbfHdJYwQJTUv0yL5oRRTdMSqory09M0PVkY5u3\/U\/6\/Cl4inLXg0yo3kE+5c2fVJxwcyil7\/i\/ZAHpKF0fO8GpBmSmUsL3jNk34eBXpLrRNx7o0vcJS+OGChwieIDitJbNVriUf2TfhL4AFDKC23uEGULV1INbyo\/mHp+o6IYHV6wYfDr6A25S\/pcMsseYvLPkQzXo99NYKQBQPtfKGG4Df4PFlj0+ZD\/rUdaIEq8HAc9wLvgussvFzu6lmuCd5wEOvhWmSJnzTMEhJLkhDTB5\/VO55\/9bYgEcQE2kawOpRbIz80FgN4cwPeE3KB6zCuX6Gkq2rEd4tsHAjcVQrO39c\/sxdnNPC2alPlcWqd5UYG2gagNdeIZvOxJB4WXHNljWK2lRXWTG\/Xjepnse8e2MEYQZ2Mi+zctY6xC9KPkYUPdmKelgTWNV4g5ehZ6RpAJ0M6sbsJFtuIgszwobjtaltXJ0Dm0IJOU+3\/kxrmDpiXAplEslSKItLrJK4W1AfNw1D\/jcXMTTcwwAiLpAIkqGCtuXTVYNVnmuksw3MQCcc32L1to+Rcuy3B4\/L8EqKPyuXrb1+bA3jSH6vpCLizyVQ2yQ5t6h3QTLEyxn1MIA8Q15USyO4JDnhxP+VHCg1LGt7NXh45SRqOM2vJ38eEivOOfp8wbx4dAhjumGVlCwsRUPJrEkIOR8quegDeHjlYZibBaU1Pq9ysbk1j9SJfUJ53h4G4DIf1gguh3HClRy8a4eDKAy\/cuyKVdRHhWTJtjzP8dhg5w7K8hIWiUiR8GOBp3XrZ0MJg0dWEXsLKSMo6pl7LBJl8aqScoQCg91AAxhc3iQZdfUw3Go14kFF43vlip6W201\/rBz20hThQIlzlW+UzaHiw6ZOTk2xdviiTNNIlY95i2ItQX61Jrn3McnPoVYSdXG3XhhA0Qwc\/xLeRln8yXLsgqT21IjfVYx1eGEeoRNeu9jIuaMUkTc7WBPsZPIJ2KvAimE6csotk9N\/4Sh3V8nxnSIeemwACYeLyUM9Q9rB8fXGANSQvBfzjA0b4zApgud7iE\/WpCmPjlc3EnIEz2oWeFyk\/M8XtLSVp1S+lMr+RPb6syyNuxInhOUci0tYETLtI5mLW7kwjlNZlH2IgyqDLHVvW+xS0jR820RzspZK5Ynr4D\/LtenkuaIzbXqsGtVsBymBEz32VgauLnkNx+JLVvJeIx7w2Uk+G0E2kc9nce8rn\/jO8tlVxBXNLf\/pDU45gnL2Urls\/coxzr94ICc7hPXsdxKShHrxCVwPGRPB2tro1isDUKMy+2at2GWjZvE8bTaF7gQ0OF9O4bOsTYIcw9r9P1GQI2e4rfMuDj2LQIjTsdxH6Vy98kxHn2Mbydl1Cgonq3GUbMjgPcrXNlcQ0kbHhxkANhpdxNIJD1WJnPgtz3PsxjVX3XKFqHFZpMkeA2vNvsdoYIS7wpNVjrM9zOekq59zErmL+QlJcr0QnD0gb1w3zABosXHlELdxrEoNfIvEo2ctT2xrx3cRPqVG5jDGGuuElPdaAc9vOm\/1mj2HZkCQq5bP7m0h3nQ8TRaSi3MF6MPcJSBg7mJP5XXWPQQUC0SHGcACBbZnDfXVTtmVksqOdEvncAY+2hCSMjZwVtHYYVoVT9OUgRbOC2LYljtD+7FyVS4vAD0dTDZxsiYAxXoEbkTysFGVO0O18MNJ56wl9h44qPGCtgGoEccrYrmcZrUdsfvGGuy5jyTiPZ8jXRS0nYyAUz1Z+8+0LUO4KPMoUaMM3jjoA\/Aej08cBZJOX2IT5d9WwAccuYKVzXZSPncchrKRKyRi4opHWogfLW4bQN2IoxVUM1qOdanxb1M1tlO5dNDkeY4rjY82vEUKsNvAIRcvTgNHmQcq\/MI0XfNo+Zwifu\/CJ76lwqSfKj8clXS45UGVmwr2VYw7TNjjFzq5XH\/bixe9fwWncXMrP36xUsv4TE2OG6Qpy6Z4A7Amf3jWMifAN33McQKTaYaMrUNh7IWXZdWfFP9QedxJmBiib6Ko51hZ\/AIpf64hebkGRJZjAEEDDJCzV5ayONSkRuSNgGVfbef8bC7mV0gpbxQMWyEsBrZDAqWU3mx2D5XBo4mpXG79Smw47libSm5eLxuJYyOWYwBFA4wtfJKUqk68X1icGhMjYDiWZ61HW0QYLGKQhcEePhFHZ7FIWtyT0u8p4P2edXy85rUZ2tlJMuNgqqUon5otxwAoaRKYRXOVEbB6mKvuCGVq65jR2eNcnvILX1tKcRiHsvRz5BNsJWCACAN8uzi0rTdAHgxw8zRdw2NLpH2dfTG0cimabqAB9CysVYrlJsgIbhdwLuCWKvk6QZvjCmWzJ2P1N0mJ5wmOEHAmEB+E5PRwhoDLoWDi4ElneRmni\/GGQAePkz\/g11YWYwPqWKZvkmwME2d0sS1c0xUazXLrr05QxHBF+kADCApz+ReMXdRqC6uhGZVjpS37\/H82Rz7m8nl8cLAjy7bY1Usnjdt0ORRMHDzp3OpZZDpnYUk2ts\/5Ao+TPMw1ZGKUfx0tXJJkfkbntXkRyRIyks6\/gQbQwTOy4A4OS0lSo\/N5GIZXn6gCTxBM+rol\/qWjHL4T8Ph0Tcr5At0jfIU+y8ym77W5FzHJXWQvA4iRxWW+GsLzZJYhXCng1C\/uCMdI5nCBqVDDnaMOtqzD\/5Eqb3fBNxMnsbWEGJrWzPMTehnAxLLMl7agmKfUgizzYmWWQq4WsAiDRSSsEGYJV1c\/IeM\/5++7kpUDKRlNfBD8BbwJzMk2UbLRGBjAraElqrPDc28iKRZna9RjcaYFBymIL3ydJv\/lAqZ22Tiyu5LfJmBMn\/OEGFhiCJiOHj5x8CxOhY47Clf6g8VjD8HpAuYHxGJlXKZTWWNQ+q0YwA1JM2GU9XBBYYOiTdEGsRmcSYr7luB4wSGCHQRPFzxC4A4FEwe\/o\/DQnSC\/98odT8jxK944gUzlfR8D8I4+FxJHLxZ\/xWHKq31I5Sq9VIEhXCLyjF9xS6fXYwDWhklueRFS3tFI0vppOb6Cpm5MQ6ezCzAAzroNC3\/ebO1s6xA5ZXzqC2oc2afT+jjyNbnQrnr+MyvKtwsCgvRUDIDjS5ic8BPThG\/gWYcY+HQjxYY0LZVrL747tT3f+pWydjbjuwi8iYQVY\/3kxWvUWWEc2vmGTUW3kUIXynpYCKHgElxPnXUbTXdqWZueRZbZ1glfumNFEyOUjdNKVYGD0T13gEQBli8xbi2858jIOroLxOyVAs7I31g+Y+Djw9rZ+Dxn3Tx1hcSXuQLy9WxrdIOO0BV9O15b0aGnVEV4zc30nRmAEDgmP5qPAlKShD1zLJ0mnUMLGQO\/40GatNR51oJvo58Mj27QEbpCZ7n2\/H9OVKk+XVcZgO4CjEnT8WMVq59lCbG4G\/YSBBlUxDrzIME4mHlkajyraWUAxGQE7GphX1z9kSMSFoUI7Y7ShBHlLFqV5ecfrVK87fEhLHRcVaMwgLr5ZQS3CF4kCk7B5vQNBXM3WJSafc5oqv8llDO4DQbXeeFKsRSOPQkvll4bi01kABTQrJaI+YoGU6VsWOCr4OeIks0SPO8YA48CcY6iU\/tE0Y3NTyM7UeVOJV8s30g6dIOOzhY9ax2eIj3y0UvWPwjVdL8AAAD\/\/2fl3kMAAAAGSURBVAMA3MuRmNGUtMMAAAAASUVORK5CYII=\" alt=\"\"><\/span>\n        <h1 class=\"animacjaboulevard-text u-align-center u-custom-font u-heading-font u-text u-text-1\" data-animation-out=\"0\">PHOTO GALLERY <\/h1>\n        <a href=\"\/en\/rezerwacja\/\" class=\"u-align-center u-btn u-button-style u-hover-feature u-hover-grey-90 u-text-white u-border-none u-palette-1-base u-btn-1\" target=\"_blank\">Book your stay <\/a>\n      <\/div>\n      \n    <\/section>\n    <section class=\"u-clearfix u-hidden-md u-hidden-sm u-hidden-xs u-section-3\" id=\"sec-0650\">\n      <div class=\"u-clearfix u-sheet u-valign-middle-sm u-valign-middle-xs u-sheet-1\">\n        <div class=\"data-layout-selected u-align-left u-clearfix u-expanded-width u-layout-wrap u-layout-wrap-1\">\n          <div class=\"u-layout\">\n            <div class=\"u-layout-row\">\n              <div class=\"u-container-style u-layout-cell u-size-60 u-layout-cell-1\">\n                <div class=\"u-container-layout u-valign-middle u-container-layout-1\">\n                  <p class=\"u-align-center u-text u-text-default u-text-palette-1-base u-text-1\">Obiekt<\/p>\n                  <h2 class=\"u-align-center u-text u-text-2\">Obiekt noclegowy <\/h2>\n                <\/div>\n              <\/div>\n            <\/div>\n          <\/div>\n        <\/div>\n      <\/div>\n    <\/section>\n    <section class=\"u-clearfix u-section-4\" id=\"sec-a962\">\n      <div class=\"u-clearfix u-sheet u-valign-middle u-sheet-1\">\n        <div class=\"u-expanded-width u-gallery u-layout-grid u-lightbox u-no-transition u-show-text-none u-gallery-1\">\n          <div class=\"u-gallery-inner u-gallery-inner-1\">\n            <div class=\"u-effect-hover-zoom u-gallery-item\" data-image-width=\"1139\" data-image-height=\"853\">\n              <div class=\"u-back-slide\">\n                <img decoding=\"async\" class=\"u-back-image u-expanded\" src=\"https:\/\/dev.apartamentymariza.pl\/wp-content\/uploads\/2026\/03\/032.jpg\">\n              <\/div>\n              <div class=\"u-over-slide u-shading u-over-slide-1\"><\/div>\n            <\/div>\n            <div class=\"u-effect-hover-zoom u-gallery-item\" data-image-width=\"1139\" data-image-height=\"853\">\n              <div class=\"u-back-slide\">\n                <img decoding=\"async\" class=\"u-back-image u-expanded\" src=\"https:\/\/dev.apartamentymariza.pl\/wp-content\/uploads\/2026\/03\/02.jpg\">\n              <\/div>\n              <div class=\"u-over-slide u-shading u-over-slide-2\"><\/div>\n            <\/div>\n            <div class=\"u-effect-hover-zoom u-gallery-item\" data-image-width=\"1643\" data-image-height=\"924\">\n              <div class=\"u-back-slide\">\n                <img decoding=\"async\" class=\"u-back-image u-expanded\" src=\"https:\/\/dev.apartamentymariza.pl\/wp-content\/uploads\/2026\/03\/01-1.jpg\">\n              <\/div>\n              <div class=\"u-over-slide u-shading u-over-slide-3\"><\/div>\n            <\/div>\n            <div class=\"u-effect-hover-zoom u-gallery-item\" data-image-width=\"1170\" data-image-height=\"2093\">\n              <div class=\"u-back-slide\">\n                <img decoding=\"async\" class=\"u-back-image u-expanded\" src=\"https:\/\/dev.apartamentymariza.pl\/wp-content\/uploads\/2026\/03\/09.jpeg\">\n              <\/div>\n              <div class=\"u-over-slide u-shading u-over-slide-4\"><\/div>\n            <\/div>\n            <div class=\"u-effect-hover-zoom u-gallery-item\" data-image-width=\"2000\" data-image-height=\"1333\">\n              <div class=\"u-back-slide\">\n                <img decoding=\"async\" class=\"u-back-image u-expanded\" src=\"https:\/\/dev.apartamentymariza.pl\/wp-content\/uploads\/2026\/03\/08.jpg\">\n              <\/div>\n              <div class=\"u-over-slide u-shading u-over-slide-5\"><\/div>\n            <\/div>\n            <div class=\"u-effect-hover-zoom u-gallery-item\" data-image-width=\"2000\" data-image-height=\"1333\">\n              <div class=\"u-back-slide\">\n                <img decoding=\"async\" class=\"u-back-image u-expanded\" src=\"https:\/\/dev.apartamentymariza.pl\/wp-content\/uploads\/2026\/03\/04.jpg\">\n              <\/div>\n              <div class=\"u-over-slide u-shading u-over-slide-6\"><\/div>\n            <\/div>\n            <div class=\"u-effect-hover-zoom u-gallery-item\" data-image-width=\"2000\" data-image-height=\"1333\">\n              <div class=\"u-back-slide\">\n                <img decoding=\"async\" class=\"u-back-image u-expanded\" src=\"https:\/\/dev.apartamentymariza.pl\/wp-content\/uploads\/2026\/03\/05.jpg\">\n              <\/div>\n              <div class=\"u-over-slide u-shading u-over-slide-7\"><\/div>\n            <\/div>\n            <div class=\"u-effect-hover-zoom u-gallery-item\" data-image-width=\"2000\" data-image-height=\"1333\">\n              <div class=\"u-back-slide\">\n                <img decoding=\"async\" class=\"u-back-image u-expanded\" src=\"https:\/\/dev.apartamentymariza.pl\/wp-content\/uploads\/2026\/03\/03.jpg\">\n              <\/div>\n              <div class=\"u-over-slide u-shading u-over-slide-8\"><\/div>\n            <\/div>\n            <div class=\"u-effect-hover-zoom u-gallery-item\" data-image-width=\"3024\" data-image-height=\"4032\">\n              <div class=\"u-back-slide\">\n                <img decoding=\"async\" class=\"u-back-image u-expanded\" src=\"https:\/\/dev.apartamentymariza.pl\/wp-content\/uploads\/2026\/03\/06-scaled.jpeg\">\n              <\/div>\n              <div class=\"u-over-slide u-shading u-over-slide-9\"><\/div>\n            <\/div>\n          <\/div>\n        <\/div>\n      <\/div>\n    <\/section>\n    <section class=\"u-clearfix u-hidden-md u-hidden-sm u-hidden-xs u-section-5\" id=\"sec-0818\">\n      <div class=\"u-clearfix u-sheet u-valign-middle-sm u-valign-middle-xs u-sheet-1\">\n        <div class=\"data-layout-selected u-align-left u-clearfix u-expanded-width u-layout-wrap u-layout-wrap-1\">\n          <div class=\"u-layout\">\n            <div class=\"u-layout-row\">\n              <div class=\"u-container-style u-layout-cell u-size-60 u-layout-cell-1\">\n                <div class=\"u-container-layout u-valign-middle u-container-layout-1\">\n                  <p class=\"u-align-center u-text u-text-default u-text-palette-1-base u-text-1\">Obiekt<\/p>\n                  <h2 class=\"u-align-center u-text u-text-2\">Ogr\u00f3d <\/h2>\n                <\/div>\n              <\/div>\n            <\/div>\n          <\/div>\n        <\/div>\n      <\/div>\n    <\/section>\n    <section class=\"u-clearfix u-section-6\" id=\"sec-1b23\">\n      <div class=\"u-clearfix u-sheet u-valign-middle u-sheet-1\">\n        <div class=\"u-expanded-width u-gallery u-layout-grid u-lightbox u-no-transition u-show-text-none u-gallery-1\">\n          <div class=\"u-gallery-inner u-gallery-inner-1\">\n            <div class=\"u-effect-hover-zoom u-gallery-item\" data-image-width=\"1139\" data-image-height=\"853\">\n              <div class=\"u-back-slide\" data-image-width=\"1170\" data-image-height=\"1822\">\n                <img decoding=\"async\" class=\"u-back-image u-expanded\" src=\"https:\/\/dev.apartamentymariza.pl\/wp-content\/uploads\/2026\/03\/03.jpeg\">\n              <\/div>\n              <div class=\"u-over-slide u-shading u-over-slide-1\"><\/div>\n            <\/div>\n            <div class=\"u-effect-hover-zoom u-gallery-item\" data-image-width=\"1279\" data-image-height=\"853\">\n              <div class=\"u-back-slide\">\n                <img decoding=\"async\" class=\"u-back-image u-expanded\" src=\"https:\/\/dev.apartamentymariza.pl\/wp-content\/uploads\/2026\/03\/01-2.jpg\">\n              <\/div>\n              <div class=\"u-over-slide u-shading u-over-slide-2\"><\/div>\n            <\/div>\n            <div class=\"u-effect-hover-zoom u-gallery-item\" data-image-width=\"1279\" data-image-height=\"853\">\n              <div class=\"u-back-slide\">\n                <img decoding=\"async\" class=\"u-back-image u-expanded\" src=\"https:\/\/dev.apartamentymariza.pl\/wp-content\/uploads\/2026\/03\/02-1.jpg\">\n              <\/div>\n              <div class=\"u-over-slide u-shading u-over-slide-3\"><\/div>\n            <\/div>\n          <\/div>\n        <\/div>\n      <\/div>\n    <\/section>\n    <section class=\"u-clearfix u-hidden-md u-hidden-sm u-hidden-xs u-section-7\" id=\"sec-8d07\">\n      <div class=\"u-clearfix u-sheet u-valign-middle-sm u-valign-middle-xs u-sheet-1\">\n        <div class=\"data-layout-selected u-align-left u-clearfix u-expanded-width u-layout-wrap u-layout-wrap-1\">\n          <div class=\"u-layout\">\n            <div class=\"u-layout-row\">\n              <div class=\"u-container-style u-layout-cell u-size-60 u-layout-cell-1\">\n                <div class=\"u-container-layout u-valign-middle u-container-layout-1\">\n                  <p class=\"u-align-center u-text u-text-default u-text-palette-1-base u-text-1\">Attractions<\/p>\n                  <h2 class=\"u-align-center u-text u-text-2\">Atrakcje w okolicy<\/h2>\n                <\/div>\n              <\/div>\n            <\/div>\n          <\/div>\n        <\/div>\n      <\/div>\n    <\/section>\n    <section class=\"u-clearfix u-section-8\" id=\"sec-9ad9\">\n      <div class=\"u-clearfix u-sheet u-valign-middle u-sheet-1\">\n        <div class=\"u-expanded-width u-gallery u-layout-grid u-lightbox u-no-transition u-show-text-none u-gallery-1\">\n          <div class=\"u-gallery-inner u-gallery-inner-1\">\n            <div class=\"u-effect-hover-zoom u-gallery-item\" data-image-width=\"1150\" data-image-height=\"767\">\n              <div class=\"u-back-slide\">\n                <img decoding=\"async\" class=\"u-back-image u-expanded\" src=\"https:\/\/dev.apartamentymariza.pl\/wp-content\/uploads\/2026\/03\/Atrakcjeletnie1.jpg\">\n              <\/div>\n              <div class=\"u-over-slide u-shading u-over-slide-1\"><\/div>\n            <\/div>\n            <div class=\"u-effect-hover-zoom u-gallery-item\" data-image-width=\"1920\" data-image-height=\"1080\">\n              <div class=\"u-back-slide\">\n                <img decoding=\"async\" class=\"u-back-image u-expanded\" src=\"https:\/\/dev.apartamentymariza.pl\/wp-content\/uploads\/2026\/03\/Atrakcjezimowe2.jpg\">\n              <\/div>\n              <div class=\"u-over-slide u-shading u-over-slide-2\"><\/div>\n            <\/div>\n            <div class=\"u-effect-hover-zoom u-gallery-item\" data-image-width=\"2000\" data-image-height=\"1125\">\n              <div class=\"u-back-slide\" data-image-width=\"1000\" data-image-height=\"667\">\n                <img decoding=\"async\" class=\"u-back-image u-expanded\" src=\"https:\/\/dev.apartamentymariza.pl\/wp-content\/uploads\/2026\/03\/140-1.jpg\">\n              <\/div>\n              <div class=\"u-over-slide u-shading u-over-slide-3\"><\/div>\n            <\/div>\n            <div class=\"u-effect-hover-zoom u-gallery-item\" data-image-width=\"1920\" data-image-height=\"1080\">\n              <div class=\"u-back-slide\">\n                <img decoding=\"async\" class=\"u-back-image u-expanded\" src=\"https:\/\/dev.apartamentymariza.pl\/wp-content\/uploads\/2026\/03\/Atrakcjeletenie2.jpg\">\n              <\/div>\n              <div class=\"u-over-slide u-shading u-over-slide-4\"><\/div>\n            <\/div>\n            <div class=\"u-effect-hover-zoom u-gallery-item\" data-image-width=\"1920\" data-image-height=\"1080\">\n              <div class=\"u-back-slide\">\n                <img decoding=\"async\" class=\"u-back-image u-expanded\" src=\"https:\/\/dev.apartamentymariza.pl\/wp-content\/uploads\/2026\/03\/Atrakcjeletnie4.jpg\">\n              <\/div>\n              <div class=\"u-over-slide u-shading u-over-slide-5\"><\/div>\n            <\/div>\n            <div class=\"u-effect-hover-zoom u-gallery-item\" data-image-width=\"1200\" data-image-height=\"1600\">\n              <div class=\"u-back-slide\">\n                <img decoding=\"async\" class=\"u-back-image u-expanded\" src=\"https:\/\/dev.apartamentymariza.pl\/wp-content\/uploads\/2026\/03\/Atrakcjezimowe4.jpg\">\n              <\/div>\n              <div class=\"u-over-slide u-shading u-over-slide-6\"><\/div>\n            <\/div>\n            <div class=\"u-effect-hover-zoom u-gallery-item\" data-image-width=\"1200\" data-image-height=\"1600\">\n              <div class=\"u-back-slide\">\n                <img decoding=\"async\" class=\"u-back-image u-expanded\" src=\"https:\/\/dev.apartamentymariza.pl\/wp-content\/uploads\/2026\/03\/Atrakcjeletnie3.jpeg\">\n              <\/div>\n              <div class=\"u-over-slide u-shading u-over-slide-7\"><\/div>\n            <\/div>\n            <div class=\"u-effect-hover-zoom u-gallery-item\" data-image-width=\"2048\" data-image-height=\"1536\">\n              <div class=\"u-back-slide\">\n                <img decoding=\"async\" class=\"u-back-image u-expanded\" src=\"https:\/\/dev.apartamentymariza.pl\/wp-content\/uploads\/2026\/03\/Atrakcjeletnie1-1.jpg\">\n              <\/div>\n              <div class=\"u-over-slide u-shading u-over-slide-8\"><\/div>\n            <\/div>\n          <\/div>\n        <\/div>\n      <\/div>\n    <\/section>","protected":false},"excerpt":{"rendered":"<p>GALERIA ZDJ\u0118\u0106 Zarezerwuj sw\u00f3j pobyt Obiekt Obiekt noclegowy Obiekt Ogr\u00f3d Atrakcje Atrakcje w okolicy<\/p>","protected":false},"author":1,"featured_media":0,"parent":0,"menu_order":1,"comment_status":"closed","ping_status":"closed","template":"","meta":{"footnotes":""},"class_list":["post-168","page","type-page","status-publish","hentry"],"_links":{"self":[{"href":"https:\/\/dev.apartamentymariza.pl\/en\/wp-json\/wp\/v2\/pages\/168","targetHints":{"allow":["GET"]}}],"collection":[{"href":"https:\/\/dev.apartamentymariza.pl\/en\/wp-json\/wp\/v2\/pages"}],"about":[{"href":"https:\/\/dev.apartamentymariza.pl\/en\/wp-json\/wp\/v2\/types\/page"}],"author":[{"embeddable":true,"href":"https:\/\/dev.apartamentymariza.pl\/en\/wp-json\/wp\/v2\/users\/1"}],"replies":[{"embeddable":true,"href":"https:\/\/dev.apartamentymariza.pl\/en\/wp-json\/wp\/v2\/comments?post=168"}],"version-history":[{"count":8,"href":"https:\/\/dev.apartamentymariza.pl\/en\/wp-json\/wp\/v2\/pages\/168\/revisions"}],"predecessor-version":[{"id":275,"href":"https:\/\/dev.apartamentymariza.pl\/en\/wp-json\/wp\/v2\/pages\/168\/revisions\/275"}],"wp:attachment":[{"href":"https:\/\/dev.apartamentymariza.pl\/en\/wp-json\/wp\/v2\/media?parent=168"}],"curies":[{"name":"wp","href":"https:\/\/api.w.org\/{rel}","templated":true}]}}